{"id":11118,"date":"2022-05-23T11:02:02","date_gmt":"2022-05-23T09:02:02","guid":{"rendered":"https:\/\/www.jobtex.sk\/elerhetoseg\/"},"modified":"2026-03-06T15:37:45","modified_gmt":"2026-03-06T14:37:45","slug":"elerhetoseg","status":"publish","type":"page","link":"https:\/\/www.jobtex.sk\/hu\/elerhetoseg\/","title":{"rendered":"El\u00e9rhet\u0151s\u00e9g"},"content":{"rendered":"\t\t<div data-elementor-type=\"wp-page\" data-elementor-id=\"11118\" class=\"elementor elementor-11118 elementor-2350\" data-elementor-post-type=\"page\">\n\t\t\t\t\t\t<section class=\"elementor-section elementor-top-section elementor-element elementor-element-7a2bc06 elementor-section-stretched prt-column-break-ipad-yes prt-col-stretched-none tm-lines-no elementor-section-boxed elementor-section-height-default elementor-section-height-default\" data-id=\"7a2bc06\" data-element_type=\"section\" data-e-type=\"section\" data-settings=\"{&quot;stretch_section&quot;:&quot;section-stretched&quot;}\">\n\t\t\t\t\t\t<div class=\"elementor-container elementor-column-gap-default\">\n\t\t\t\t\t<div class=\"elementor-column elementor-col-50 elementor-top-column elementor-element elementor-element-3981a67\" data-id=\"3981a67\" data-element_type=\"column\" data-e-type=\"column\" data-settings=\"{&quot;background_background&quot;:&quot;classic&quot;}\">\n\t\t\t<div class=\"elementor-widget-wrap elementor-element-populated\">\n\t\t\t\t\t\t<div class=\"elementor-element elementor-element-52dac52 elementor-widget elementor-widget-tm_icon_heading\" data-id=\"52dac52\" data-element_type=\"widget\" data-e-type=\"widget\" data-widget_type=\"tm_icon_heading.default\">\n\t\t\t\t<div class=\"elementor-widget-container\">\n\t\t\t\t\t\n<div class=\"preyantechnosys-iconbox preyantechnosys-iconbox-stylefour preyantechnosys-iconbox-stylefour preyantechnosys-iconcolor-skincolor\">\n\n<div class=\"preyantechnosys-iconbox-inner\">\n\t\t<div class=\"prt-iconbox-wrapper prt-wrap\">\n\t\t\t<div class=\"preyantechnosys-iconbox-icon prt-wrap-cell\">\n\t\t\t<div class=\"prt-box-icon\"><i class=\"kw_fabiflex flaticon-factory\"><\/i><\/div>\t\t\t<\/div>\n\t\t\t<div class=\"preyantechnosys-iconbox-heading prt-wrap-cell\">\n\t\t\t\t<h2 class=\"prt-custom-heading\">\n\t\t\t\t\t\n\t\t\t\t\t\tSzlov\u00e1kia - Nov\u00e1 Str\u00e1\u017e\n\t\t\t\t\t\n\t\t\t\t\t<\/h2>\n\t\t\t\t\t\t\t\t\t\t\t\t<div class=\"prt-cta3-content-wrapper\">Vn\u00fatorn\u00e1 758, 94504 Kom\u00e1rno - Nov\u00e1 Str\u00e1\u017e<\/div>\t\t\t\t\t\t\t<\/div>\t\n\t\t<\/div>\n\t<\/div>\t\n\n<\/div>\n\t\t\t\t<\/div>\n\t\t\t\t<\/div>\n\t\t\t\t<div class=\"elementor-section elementor-inner-section elementor-element elementor-element-237c5d0 prt-column-break-ipad-yes prt-col-stretched-none tm-lines-no elementor-section-boxed elementor-section-height-default elementor-section-height-default\" data-id=\"237c5d0\" data-element_type=\"section\" data-e-type=\"section\">\n\t\t\t\t\t\t<div class=\"elementor-container elementor-column-gap-default\">\n\t\t\t\t\t<div class=\"elementor-column elementor-col-50 elementor-inner-column elementor-element elementor-element-7120b0f\" data-id=\"7120b0f\" data-element_type=\"column\" data-e-type=\"column\" data-settings=\"{&quot;background_background&quot;:&quot;classic&quot;}\">\n\t\t\t<div class=\"elementor-widget-wrap elementor-element-populated\">\n\t\t\t\t\t\t<div class=\"elementor-element elementor-element-b52d465 elementor-widget elementor-widget-image\" data-id=\"b52d465\" data-element_type=\"widget\" data-e-type=\"widget\" data-widget_type=\"image.default\">\n\t\t\t\t<div class=\"elementor-widget-container\">\n\t\t\t\t\t\t\t\t\t\t\t\t\t\t\t<img decoding=\"async\" src=\"https:\/\/www.jobtex.sk\/wp-content\/uploads\/2023\/12\/Logo-final-black.svg\" title=\"Logo-final-black\" alt=\"Logo-final-black\" loading=\"lazy\" \/>\t\t\t\t\t\t\t\t\t\t\t\t\t\t\t<\/div>\n\t\t\t\t<\/div>\n\t\t\t\t\t<\/div>\n\t\t<\/div>\n\t\t\t\t<div class=\"elementor-column elementor-col-50 elementor-inner-column elementor-element elementor-element-14bf8c0\" data-id=\"14bf8c0\" data-element_type=\"column\" data-e-type=\"column\">\n\t\t\t<div class=\"elementor-widget-wrap elementor-element-populated\">\n\t\t\t\t\t\t<div class=\"elementor-element elementor-element-2645ba5 elementor-widget elementor-widget-heading\" data-id=\"2645ba5\" data-element_type=\"widget\" data-e-type=\"widget\" data-widget_type=\"heading.default\">\n\t\t\t\t<div class=\"elementor-widget-container\">\n\t\t\t\t\t<h5 class=\"elementor-heading-title elementor-size-default\"><a href=\"tel:+421357782421\">Tel.:<span class=\"prt-textcolor-skincolor\"> + 421 35 778 2421<\/span><\/a><\/h5>\t\t\t\t<\/div>\n\t\t\t\t<\/div>\n\t\t\t\t<div class=\"elementor-element elementor-element-aa87e75 elementor-widget elementor-widget-heading\" data-id=\"aa87e75\" data-element_type=\"widget\" data-e-type=\"widget\" data-widget_type=\"heading.default\">\n\t\t\t\t<div class=\"elementor-widget-container\">\n\t\t\t\t\t<h5 class=\"elementor-heading-title elementor-size-default\"><a href=\"tel:+421903757976\">Mob.:<span class=\"prt-textcolor-skincolor\"> + 421 903 757 976<\/span><\/a><\/h5>\t\t\t\t<\/div>\n\t\t\t\t<\/div>\n\t\t\t\t<div class=\"elementor-element elementor-element-35e0f36 prt-email-contact elementor-widget elementor-widget-heading\" data-id=\"35e0f36\" data-element_type=\"widget\" data-e-type=\"widget\" data-widget_type=\"heading.default\">\n\t\t\t\t<div class=\"elementor-widget-container\">\n\t\t\t\t\t<h5 class=\"elementor-heading-title elementor-size-default\"><a href=\"#\">EMAIL : <span class=\"prt-text-normal-color\">info@jobtex.sk <\/span><\/a><\/h5>\t\t\t\t<\/div>\n\t\t\t\t<\/div>\n\t\t\t\t<div class=\"elementor-element elementor-element-4b7a678 elementor-shape-circle e-grid-align-left elementor-grid-0 elementor-widget elementor-widget-social-icons\" data-id=\"4b7a678\" data-element_type=\"widget\" data-e-type=\"widget\" data-widget_type=\"social-icons.default\">\n\t\t\t\t<div class=\"elementor-widget-container\">\n\t\t\t\t\t\t\t<div class=\"elementor-social-icons-wrapper elementor-grid\">\n\t\t\t\t\t\t\t<span class=\"elementor-grid-item\">\n\t\t\t\t\t<a class=\"elementor-icon elementor-social-icon elementor-social-icon-facebook-f elementor-repeater-item-2085d0d\" href=\"https:\/\/www.facebook.com\/profile.php?id=100063622864645\" target=\"_blank\">\n\t\t\t\t\t\t<span class=\"elementor-screen-only\">Facebook-f<\/span>\n\t\t\t\t\t\t<svg aria-hidden=\"true\" class=\"e-font-icon-svg e-fab-facebook-f\" viewBox=\"0 0 320 512\" xmlns=\"http:\/\/www.w3.org\/2000\/svg\"><path d=\"M279.14 288l14.22-92.66h-88.91v-60.13c0-25.35 12.42-50.06 52.24-50.06h40.42V6.26S260.43 0 225.36 0c-73.22 0-121.08 44.38-121.08 124.72v70.62H22.89V288h81.39v224h100.17V288z\"><\/path><\/svg>\t\t\t\t\t<\/a>\n\t\t\t\t<\/span>\n\t\t\t\t\t<\/div>\n\t\t\t\t\t\t<\/div>\n\t\t\t\t<\/div>\n\t\t\t\t\t<\/div>\n\t\t<\/div>\n\t\t\t\t\t<\/div>\n\t\t<\/div>\n\t\t\t\t<div class=\"elementor-element elementor-element-b6ab818 elementor-widget elementor-widget-html\" data-id=\"b6ab818\" data-element_type=\"widget\" data-e-type=\"widget\" data-widget_type=\"html.default\">\n\t\t\t\t<div class=\"elementor-widget-container\">\n\t\t\t\t\t<iframe src=\"https:\/\/www.google.com\/maps\/embed?pb=!1m14!1m8!1m3!1d3189.4185242878484!2d18.042251030777763!3d47.76262453926992!3m2!1i1024!2i768!4f13.1!3m3!1m2!1s0x476bb20ec371ff21%3A0x3d41c9bb250db2ea!2sJOBTEX%2C%20s.r.o.!5e0!3m2!1ssk!2sus!4v1706870201969!5m2!1ssk!2sus\" width=\"600\" height=\"450\" style=\"border:0;\" allowfullscreen=\"\" loading=\"lazy\" referrerpolicy=\"no-referrer-when-downgrade\"><\/iframe>\t\t\t\t<\/div>\n\t\t\t\t<\/div>\n\t\t\t\t\t<\/div>\n\t\t<\/div>\n\t\t\t\t<div class=\"elementor-column elementor-col-50 elementor-top-column elementor-element elementor-element-5fdeb6d\" data-id=\"5fdeb6d\" data-element_type=\"column\" data-e-type=\"column\">\n\t\t\t<div class=\"elementor-widget-wrap elementor-element-populated\">\n\t\t\t\t\t\t<div class=\"elementor-section elementor-inner-section elementor-element elementor-element-2238efd prt-2-columns-view-tablet prt-column-break-ipad-no prt-col-stretched-none tm-lines-no elementor-section-boxed elementor-section-height-default elementor-section-height-default\" data-id=\"2238efd\" data-element_type=\"section\" data-e-type=\"section\">\n\t\t\t\t\t\t<div class=\"elementor-container elementor-column-gap-default\">\n\t\t\t\t\t<div class=\"elementor-column elementor-col-100 elementor-inner-column elementor-element elementor-element-b9075a3 prt-bgcolor-yes prt-col-bgcolor-white\" data-id=\"b9075a3\" data-element_type=\"column\" data-e-type=\"column\">\n\t\t\t<div class=\"elementor-widget-wrap elementor-element-populated\">\n\t\t\t\t\t\t<div class=\"elementor-element elementor-element-3ab2cea elementor-widget__width-initial prt-align-left elementor-widget elementor-widget-tm_heading\" data-id=\"3ab2cea\" data-element_type=\"widget\" data-e-type=\"widget\" data-widget_type=\"tm_heading.default\">\n\t\t\t\t<div class=\"elementor-widget-container\">\n\t\t\t\t\t<div class=\"prt-element-heading-content-wrapper left-align prt-reverse-heading-yes prt-seperator-style1 prt-content-with-desc prt-heading-style-vertical \"><div class=\"prt-content-header\"><h4 class=\"prt-element-subheading\">\n\t\t\t\tK\u00e9rd\u00e9se van?\n\t\t\t<\/h4>\n\t\t<h2 class=\"prt-element-content-heading\">\n\t\t\t\tK\u00fcldj\u00f6n \u00fczenetet!\n\t\t\t<\/h2>\n\t\t<\/div><div class=\"prt-element-content-desctxt\">\u00dcgyf\u00e9lszolg\u00e1latunk k\u00e9szs\u00e9ggel \u00e1ll az \u00d6n rendelkez\u00e9s\u00e9re!<\/div><\/div>\t\t\t\t<\/div>\n\t\t\t\t<\/div>\n\t\t\t\t<div class=\"elementor-element elementor-element-29e17c2 elementor-widget elementor-widget-shortcode\" data-id=\"29e17c2\" data-element_type=\"widget\" data-e-type=\"widget\" data-widget_type=\"shortcode.default\">\n\t\t\t\t<div class=\"elementor-widget-container\">\n\t\t\t\t\t\t\t<div class=\"elementor-shortcode\">\n<div class=\"wpcf7 no-js\" id=\"wpcf7-f11126-o1\" lang=\"hu-HU\" dir=\"ltr\" data-wpcf7-id=\"11126\">\n<div class=\"screen-reader-response\"><p role=\"status\" aria-live=\"polite\" aria-atomic=\"true\"><\/p> <ul><\/ul><\/div>\n<form action=\"\/hu\/wp-json\/wp\/v2\/pages\/11118#wpcf7-f11126-o1\" method=\"post\" class=\"wpcf7-form init\" aria-label=\"Kapcsolatfelv\u00e9teli \u0171rlap\" novalidate=\"novalidate\" data-status=\"init\">\n<fieldset class=\"hidden-fields-container\"><input type=\"hidden\" name=\"_wpcf7\" value=\"11126\" \/><input type=\"hidden\" name=\"_wpcf7_version\" value=\"6.1.5\" \/><input type=\"hidden\" name=\"_wpcf7_locale\" value=\"hu_HU\" \/><input type=\"hidden\" name=\"_wpcf7_unit_tag\" value=\"wpcf7-f11126-o1\" \/><input type=\"hidden\" name=\"_wpcf7_container_post\" value=\"0\" \/><input type=\"hidden\" name=\"_wpcf7_posted_data_hash\" value=\"\" \/><input type=\"hidden\" name=\"_wpcf7_recaptcha_response\" value=\"\" \/>\n<\/fieldset>\n<p><label> Az \u00d6n neve<br \/>\n<span class=\"wpcf7-form-control-wrap\" data-name=\"your-name\"><input size=\"40\" maxlength=\"400\" class=\"wpcf7-form-control wpcf7-text wpcf7-validates-as-required\" autocomplete=\"name\" aria-required=\"true\" aria-invalid=\"false\" value=\"\" type=\"text\" name=\"your-name\" \/><\/span> <\/label>\n<\/p>\n<p><label> Az \u00d6n email c\u00edme<br \/>\n<span class=\"wpcf7-form-control-wrap\" data-name=\"your-email\"><input size=\"40\" maxlength=\"400\" class=\"wpcf7-form-control wpcf7-email wpcf7-validates-as-required wpcf7-text wpcf7-validates-as-email\" autocomplete=\"email\" aria-required=\"true\" aria-invalid=\"false\" value=\"\" type=\"email\" name=\"your-email\" \/><\/span> <\/label>\n<\/p>\n<p><label> T\u00e1rgy<br \/>\n<span class=\"wpcf7-form-control-wrap\" data-name=\"your-subject\"><input size=\"40\" maxlength=\"400\" class=\"wpcf7-form-control wpcf7-text wpcf7-validates-as-required\" aria-required=\"true\" aria-invalid=\"false\" value=\"\" type=\"text\" name=\"your-subject\" \/><\/span> <\/label>\n<\/p>\n<p><label> \u00dczenet<br \/>\n<span class=\"wpcf7-form-control-wrap\" data-name=\"your-message\"><textarea cols=\"40\" rows=\"10\" maxlength=\"2000\" class=\"wpcf7-form-control wpcf7-textarea\" aria-invalid=\"false\" name=\"your-message\"><\/textarea><\/span> <\/label>\n<\/p>\n<p><input class=\"wpcf7-form-control wpcf7-submit has-spinner\" type=\"submit\" value=\"K\u00fcld\u00e9s\" \/>\n<\/p><div class=\"wpcf7-response-output\" aria-hidden=\"true\"><\/div>\n<\/form>\n<\/div>\n<\/div>\n\t\t\t\t\t\t<\/div>\n\t\t\t\t<\/div>\n\t\t\t\t\t<\/div>\n\t\t<\/div>\n\t\t\t\t\t<\/div>\n\t\t<\/div>\n\t\t\t\t\t<\/div>\n\t\t<\/div>\n\t\t\t\t\t<\/div>\n\t\t<\/section>\n\t\t\t\t<\/div>\n\t\t","protected":false},"excerpt":{"rendered":"<p>Szlov\u00e1kia &#8211; Nov\u00e1 Str\u00e1\u017e Vn\u00fatorn\u00e1 758, 94504 Kom\u00e1rno &#8211; Nov\u00e1 Str\u00e1\u017e Tel.: + 421 35 778 2421 Mob.: + 421 903 757 976 EMAIL : info@jobtex.sk Facebook-f K\u00e9rd\u00e9se van? K\u00fcldj\u00f6n \u00fczenetet! \u00dcgyf\u00e9lszolg\u00e1latunk k\u00e9szs\u00e9ggel \u00e1ll az \u00d6n rendelkez\u00e9s\u00e9re!<\/p>\n","protected":false},"author":1,"featured_media":0,"parent":0,"menu_order":0,"comment_status":"closed","ping_status":"closed","template":"","meta":{"_acf_changed":false,"inline_featured_image":false,"footnotes":""},"class_list":["post-11118","page","type-page","status-publish","hentry"],"acf":[],"_links":{"self":[{"href":"https:\/\/www.jobtex.sk\/hu\/wp-json\/wp\/v2\/pages\/11118","targetHints":{"allow":["GET"]}}],"collection":[{"href":"https:\/\/www.jobtex.sk\/hu\/wp-json\/wp\/v2\/pages"}],"about":[{"href":"https:\/\/www.jobtex.sk\/hu\/wp-json\/wp\/v2\/types\/page"}],"author":[{"embeddable":true,"href":"https:\/\/www.jobtex.sk\/hu\/wp-json\/wp\/v2\/users\/1"}],"replies":[{"embeddable":true,"href":"https:\/\/www.jobtex.sk\/hu\/wp-json\/wp\/v2\/comments?post=11118"}],"version-history":[{"count":7,"href":"https:\/\/www.jobtex.sk\/hu\/wp-json\/wp\/v2\/pages\/11118\/revisions"}],"predecessor-version":[{"id":11805,"href":"https:\/\/www.jobtex.sk\/hu\/wp-json\/wp\/v2\/pages\/11118\/revisions\/11805"}],"wp:attachment":[{"href":"https:\/\/www.jobtex.sk\/hu\/wp-json\/wp\/v2\/media?parent=11118"}],"curies":[{"name":"wp","href":"https:\/\/api.w.org\/{rel}","templated":true}]}}